{"id":4716,"date":"2018-12-11T09:22:35","date_gmt":"2018-12-11T08:22:35","guid":{"rendered":"https:\/\/dev3.connect-cp.de\/?page_id=4716"},"modified":"2024-01-15T13:34:55","modified_gmt":"2024-01-15T12:34:55","slug":"datenschutz","status":"publish","type":"page","link":"https:\/\/welcomecentre.uni-goettingen.de\/de\/datenschutz\/","title":{"rendered":"Datenschutzhinweise"},"content":{"rendered":"\n<p>Diese Datenschutzerkl\u00e4rung kl\u00e4rt Sie \u00fcber die Art, den Umfang und Zweck der Verarbeitung von personenbezogenen Daten im Rahmen der Erbringung unserer Leistungen auf. Im Hinblick auf die verwendeten Begrifflichkeiten, wie z.B. \u201eVerarbeitung\u201c oder \u201eVerantwortlicher\u201c verweisen wir auf die Definitionen im Art. 4 der Datenschutzgrundverordnung (DSGVO).<\/p>\n\n\n\n<p>Es gelten <a href=\"https:\/\/uni-goettingen.de\/de\/439479.html\">die allgemeinen Datenschutzbestimmungen<\/a> der Universit\u00e4t G\u00f6ttingen.<\/p>\n\n\n\n<p>Die gesetzlich verpflichtete Information gem\u00e4\u00df Art. 13 DS-GVO zur Datenerhebung bei betroffenen Personen k\u00f6nnen Sie<strong> <a href=\"https:\/\/welcomecentre.uni-goettingen.de\/wp-content\/uploads\/2024\/01\/20240109Informationsblatt-gem.-Art.-13-DS-GVO_sDSB.pdf\" data-type=\"link\" data-id=\"https:\/\/welcomecentre.uni-goettingen.de\/wp-content\/uploads\/2024\/01\/20240109Informationsblatt-gem.-Art.-13-DS-GVO_sDSB.pdf\">hier<\/a>\u00a0<\/strong>herunterladen.<\/p>\n","protected":false},"excerpt":{"rendered":"<p>Diese Datenschutzerkl\u00e4rung kl\u00e4rt Sie \u00fcber die Art, den Umfang und Zweck der Verarbeitung von personenbezogenen Daten im Rahmen der Erbringung unserer Leistungen auf. Im Hinblick auf die verwendeten Begrifflichkeiten, wie z.B. \u201eVerarbeitung\u201c oder \u201eVerantwortlicher\u201c verweisen wir auf die Definitionen im Art. 4 der Datenschutzgrundverordnung (DSGVO). Es gelten die allgemeinen Datenschutzbestimmungen der Universit\u00e4t G\u00f6ttingen. Die gesetzlich [&hellip;]<\/p>\n","protected":false},"author":75,"featured_media":0,"parent":0,"menu_order":0,"comment_status":"closed","ping_status":"closed","template":"","meta":{"footnotes":""},"class_list":["post-4716","page","type-page","status-publish","hentry"],"_links":{"self":[{"href":"https:\/\/welcomecentre.uni-goettingen.de\/de\/wp-json\/wp\/v2\/pages\/4716","targetHints":{"allow":["GET"]}}],"collection":[{"href":"https:\/\/welcomecentre.uni-goettingen.de\/de\/wp-json\/wp\/v2\/pages"}],"about":[{"href":"https:\/\/welcomecentre.uni-goettingen.de\/de\/wp-json\/wp\/v2\/types\/page"}],"author":[{"embeddable":true,"href":"https:\/\/welcomecentre.uni-goettingen.de\/de\/wp-json\/wp\/v2\/users\/75"}],"replies":[{"embeddable":true,"href":"https:\/\/welcomecentre.uni-goettingen.de\/de\/wp-json\/wp\/v2\/comments?post=4716"}],"version-history":[{"count":5,"href":"https:\/\/welcomecentre.uni-goettingen.de\/de\/wp-json\/wp\/v2\/pages\/4716\/revisions"}],"predecessor-version":[{"id":14351,"href":"https:\/\/welcomecentre.uni-goettingen.de\/de\/wp-json\/wp\/v2\/pages\/4716\/revisions\/14351"}],"wp:attachment":[{"href":"https:\/\/welcomecentre.uni-goettingen.de\/de\/wp-json\/wp\/v2\/media?parent=4716"}],"curies":[{"name":"wp","href":"https:\/\/api.w.org\/{rel}","templated":true}]}}